{"id":38,"date":"2017-12-16T13:58:55","date_gmt":"2017-12-16T12:58:55","guid":{"rendered":"http:\/\/akkurata.com\/?page_id=38"},"modified":"2022-10-18T12:55:11","modified_gmt":"2022-10-18T10:55:11","slug":"impressum","status":"publish","type":"page","link":"https:\/\/akkurata.com\/en\/impressum\/","title":{"rendered":"Impressum"},"content":{"rendered":"<div class=\"vce-row-container\" data-vce-boxed-width=\"true\"><div class=\"vce-row vce-row--col-gap-30 vce-row-equal-height vce-row-content--top\" id=\"el-1f73c0ed\" data-vce-do-apply=\"all el-1f73c0ed\"><div class=\"vce-row-content\" data-vce-element-content=\"true\"><div class=\"vce-col vce-col--md-auto vce-col--xs-1 vce-col--xs-last vce-col--xs-first vce-col--sm-last vce-col--sm-first vce-col--md-last vce-col--lg-last vce-col--xl-last vce-col--md-first vce-col--lg-first vce-col--xl-first\" id=\"el-e5cbf6ad\"><div class=\"vce-col-inner\" data-vce-do-apply=\"border margin background  el-e5cbf6ad\"><div class=\"vce-col-content\" data-vce-element-content=\"true\" data-vce-do-apply=\"padding el-e5cbf6ad\"><div class=\"vce-text-block\"><div class=\"vce-text-block-wrapper vce\" id=\"el-a4ace725\" data-vce-do-apply=\"all el-a4ace725\"><p>F\u00fcr den Inhalt verantwortlich:<br>Akkurata Steuerberatungsgesellschaft m.b.H.<br>Karlsplatz 2 , 1010 Wien<\/p>\n<p>Telefon: +43 1 503 22 80<br>Fax: +43 1 503 22 80-90<br>Mail: <a href=\"mailto:office@akkurata.com\">office@akkurata.com<\/a><\/p>\n<p>Gesch\u00e4ftsf\u00fchrer:<br>Mag. (FH) Kerstin Mach<br>Mag. Robert Mach<\/p>\n<p>Firmenbuch Nummer: FN 116199G<br><br>Handelsgericht Wien<\/p>\n<p>UID Nummer: ATU16056103<\/p>\n<p>Mitglied der Kammer der Steuerberater <a href=\"http:\/\/www.ksw.or.at\">www.ksw.or.at<\/a><\/p>\n<p>Aufsichtsbeh\u00f6rde der Kammer der Steuerberater und Wirtschaftspr\u00fcfer:<br>Bundesministerium f\u00fcr Arbeit und Wirtschaft (www.bmaw.gv.at)<\/p>\n<p>Web-Design:<br>Laurenz Ketzer<br>Richard Krainz<\/p>\n<p>Fotos:<br><a href=\"http:\/\/www.istockphoto.com\/\/\">i-Stockphoto<\/a>; <a href=\"http:\/\/www.alexander-mueller.at\/\/\">Alexander M\u00fcller<\/a>; <a href=\"http:\/\/klauspichler.com\/\/\">klauspichler.com<\/a><\/p><\/div><\/div><\/div><\/div><\/div><\/div><\/div><\/div>\n","protected":false},"excerpt":{"rendered":"<p>F\u00fcr den Inhalt verantwortlich:Akkurata Steuerberatungsgesellschaft m.b.H.Karlsplatz 2 , 1010 Wien Telefon: +43 1 503 22 80Fax: +43 1 503 22 80-90Mail: office@akkurata.com Gesch\u00e4ftsf\u00fchrer:Mag. (FH) Kerstin MachMag. Robert Mach Firmenbuch Nummer: FN 116199GHandelsgericht Wien UID Nummer: ATU16056103 Mitglied der Kammer der Steuerberater www.ksw.or.at Aufsichtsbeh\u00f6rde der Kammer der Steuerberater und Wirtschaftspr\u00fcfer:Bundesministerium f\u00fcr Arbeit und Wirtschaft (www.bmaw.gv.at) Web-Design:Laurenz [&hellip;]<\/p>\n","protected":false},"author":1,"featured_media":0,"parent":0,"menu_order":0,"comment_status":"closed","ping_status":"closed","template":"","meta":{"footnotes":""},"class_list":["post-38","page","type-page","status-publish","hentry","entry"],"_links":{"self":[{"href":"https:\/\/akkurata.com\/en\/wp-json\/wp\/v2\/pages\/38","targetHints":{"allow":["GET"]}}],"collection":[{"href":"https:\/\/akkurata.com\/en\/wp-json\/wp\/v2\/pages"}],"about":[{"href":"https:\/\/akkurata.com\/en\/wp-json\/wp\/v2\/types\/page"}],"author":[{"embeddable":true,"href":"https:\/\/akkurata.com\/en\/wp-json\/wp\/v2\/users\/1"}],"replies":[{"embeddable":true,"href":"https:\/\/akkurata.com\/en\/wp-json\/wp\/v2\/comments?post=38"}],"version-history":[{"count":0,"href":"https:\/\/akkurata.com\/en\/wp-json\/wp\/v2\/pages\/38\/revisions"}],"wp:attachment":[{"href":"https:\/\/akkurata.com\/en\/wp-json\/wp\/v2\/media?parent=38"}],"curies":[{"name":"wp","href":"https:\/\/api.w.org\/{rel}","templated":true}]}}